{"id":6091,"date":"2024-07-26T11:59:42","date_gmt":"2024-07-26T09:59:42","guid":{"rendered":"https:\/\/larosedesvins.com\/?page_id=6091"},"modified":"2025-08-16T18:07:00","modified_gmt":"2025-08-16T16:07:00","slug":"qui-sommes-nous","status":"publish","type":"page","link":"https:\/\/larosedesvins.com\/en\/qui-sommes-nous\/","title":{"rendered":"Who we are"},"content":{"rendered":"<div data-elementor-type=\"wp-page\" data-elementor-id=\"6091\" class=\"elementor elementor-6091\">\n\t\t\t\t\t\t<section class=\"elementor-section elementor-top-section elementor-element elementor-element-6889997a elementor-section-boxed elementor-section-height-default elementor-section-height-default\" data-id=\"6889997a\" data-element_type=\"section\" data-settings=\"{&quot;background_background&quot;:&quot;classic&quot;}\">\n\t\t\t\t\t\t\t<div class=\"elementor-background-overlay\"><\/div>\n\t\t\t\t\t\t\t<div class=\"elementor-container elementor-column-gap-default\">\n\t\t\t\t\t<div class=\"elementor-column elementor-col-100 elementor-top-column elementor-element elementor-element-6bfdbbc4\" data-id=\"6bfdbbc4\" data-element_type=\"column\">\n\t\t\t<div class=\"elementor-widget-wrap elementor-element-populated\">\n\t\t\t\t\t\t<section class=\"elementor-section elementor-inner-section elementor-element elementor-element-5aeabe23 elementor-section-boxed elementor-section-height-default elementor-section-height-default\" data-id=\"5aeabe23\" data-element_type=\"section\">\n\t\t\t\t\t\t<div class=\"elementor-container elementor-column-gap-default\">\n\t\t\t\t\t<div class=\"elementor-column elementor-col-100 elementor-inner-column elementor-element elementor-element-79d44f05\" data-id=\"79d44f05\" data-element_type=\"column\">\n\t\t\t<div class=\"elementor-widget-wrap elementor-element-populated\">\n\t\t\t\t\t\t<div data-parallax=\"true\" data-parallax-options=\"{&quot;ease&quot;:[&quot;linear&quot;],&quot;start&quot;:&quot;center center&quot;,&quot;end&quot;:&quot;bottom+=0px top&quot;}\" data-parallax-from=\"{&quot;y&quot;:&quot;0px&quot;,&quot;transformOrigin&quot;:&quot;50% 50% 0px&quot;}\" data-parallax-to=\"{&quot;y&quot;:&quot;-60px&quot;,&quot;transformOrigin&quot;:&quot;50% 50% 0px&quot;}\" data-custom-animations=\"true\" data-ca-options=\"{&quot;addChildTimelines&quot;:false,&quot;trigger&quot;:&quot;firstChild&quot;,&quot;animationTarget&quot;:&quot;.lqd-split-chars .lqd-chars .split-inner, .lqd-adv-txt-fig&quot;,&quot;duration&quot;:300,&quot;delay&quot;:40,&quot;ease&quot;:[&quot;power4.out&quot;],&quot;initValues&quot;:{&quot;x&quot;:&quot;-20px&quot;,&quot;rotationX&quot;:10,&quot;opacity&quot;:0,&quot;transformOrigin&quot;:&quot;50% 50% 0px&quot;},&quot;animations&quot;:{&quot;x&quot;:&quot;0px&quot;,&quot;rotationX&quot;:0,&quot;opacity&quot;:1,&quot;transformOrigin&quot;:&quot;50% 50% 0px&quot;}}\" class=\"elementor-element elementor-element-187a1ec elementor-widget elementor-widget-hub_fancy_heading lqd-el-has-inner-anim\" data-id=\"187a1ec\" data-element_type=\"widget\" data-settings=\"{&quot;enable_split&quot;:&quot;true&quot;,&quot;split_type&quot;:&quot;chars, words&quot;}\" data-widget_type=\"hub_fancy_heading.default\">\n\t\t\t\t<div class=\"elementor-widget-container\">\n\t\t\t\t\t\n\t\t<div id=\"ld-fancy-heading-69e0e0c143134\" class=\"ld-fancy-heading pos-rel\">\n\t\t\t<h1 class=\"ld-fh-element d-inline-block pos-rel  elementor-heading-title lqd-highlight-classic lqd-highlight-grow-left lqd-split-chars h1\"  data-split-text=\"true\" data-split-options='{\"type\":\"chars, words\"}'> Who we are<\/h1>\t\t<\/div>\n\n\t\t\t\t\t\t<\/div>\n\t\t\t\t<\/div>\n\t\t\t\t\t<\/div>\n\t\t<\/div>\n\t\t\t\t\t<\/div>\n\t\t<\/section>\n\t\t\t\t\t<\/div>\n\t\t<\/div>\n\t\t\t\t\t<\/div>\n\t\t<\/section>\n\t\t\t\t<section class=\"elementor-section elementor-top-section elementor-element elementor-element-4118ce2a elementor-section-boxed elementor-section-height-default elementor-section-height-default\" data-id=\"4118ce2a\" data-element_type=\"section\">\n\t\t\t\t\t\t<div class=\"elementor-container elementor-column-gap-default\">\n\t\t\t\t\t<div class=\"elementor-column elementor-col-50 elementor-top-column elementor-element elementor-element-c21939\" data-id=\"c21939\" data-element_type=\"column\">\n\t\t\t<div class=\"elementor-widget-wrap elementor-element-populated\">\n\t\t\t\t\t\t<div class=\"elementor-element elementor-element-4ed2acd elementor-widget elementor-widget-image\" data-id=\"4ed2acd\" data-element_type=\"widget\" data-widget_type=\"image.default\">\n\t\t\t\t<div class=\"elementor-widget-container\">\n\t\t\t\t\t\t\t\t\t\t\t\t\t\t\t<img fetchpriority=\"high\" decoding=\"async\" width=\"780\" height=\"639\" src=\"https:\/\/larosedesvins.com\/wp-content\/uploads\/2024\/08\/virginie-ludovic-1024x839.webp\" class=\"attachment-large size-large wp-image-6163\" alt=\"virginie-ludovic\" srcset=\"https:\/\/larosedesvins.com\/wp-content\/uploads\/2024\/08\/virginie-ludovic-1024x839.webp 1024w, https:\/\/larosedesvins.com\/wp-content\/uploads\/2024\/08\/virginie-ludovic-300x246.webp 300w, https:\/\/larosedesvins.com\/wp-content\/uploads\/2024\/08\/virginie-ludovic-600x492.webp 600w, https:\/\/larosedesvins.com\/wp-content\/uploads\/2024\/08\/virginie-ludovic-768x629.webp 768w, https:\/\/larosedesvins.com\/wp-content\/uploads\/2024\/08\/virginie-ludovic-15x12.webp 15w, https:\/\/larosedesvins.com\/wp-content\/uploads\/2024\/08\/virginie-ludovic.webp 1081w\" sizes=\"(max-width: 780px) 100vw, 780px\" \/>\t\t\t\t\t\t\t\t\t\t\t\t\t\t\t<\/div>\n\t\t\t\t<\/div>\n\t\t\t\t<div class=\"elementor-element elementor-element-6958075b elementor-widget elementor-widget-hub_fancy_heading\" data-id=\"6958075b\" data-element_type=\"widget\" data-widget_type=\"hub_fancy_heading.default\">\n\t\t\t\t<div class=\"elementor-widget-container\">\n\t\t\t\t\t\n\t\t<div id=\"ld-fancy-heading-69e0e0c1437e6\" class=\"ld-fancy-heading pos-rel\">\n\t\t\t<h6 class=\"ld-fh-element d-inline-block pos-rel  elementor-heading-title lqd-highlight-classic lqd-highlight-grow-left h6\"  > Ludovic &amp; Virginie<\/h6>\t\t<\/div>\n\n\t\t\t\t\t\t<\/div>\n\t\t\t\t<\/div>\n\t\t\t\t\t<\/div>\n\t\t<\/div>\n\t\t\t\t<div class=\"elementor-column elementor-col-50 elementor-top-column elementor-element elementor-element-598e4bc6\" data-id=\"598e4bc6\" data-element_type=\"column\">\n\t\t\t<div class=\"elementor-widget-wrap elementor-element-populated\">\n\t\t\t\t\t\t<div class=\"elementor-element elementor-element-4fcf1f59 elementor-widget elementor-widget-hub_fancy_heading\" data-id=\"4fcf1f59\" data-element_type=\"widget\" data-widget_type=\"hub_fancy_heading.default\">\n\t\t\t\t<div class=\"elementor-widget-container\">\n\t\t\t\t\t\n\t\t<div id=\"ld-fancy-heading-69e0e0c143b46\" class=\"ld-fancy-heading pos-rel\">\n\t\t\t<h2 class=\"ld-fh-element d-inline-block pos-rel  elementor-heading-title lqd-highlight-classic lqd-highlight-grow-left h2\"  > The hosts<\/h2>\t\t<\/div>\n\n\t\t\t\t\t\t<\/div>\n\t\t\t\t<\/div>\n\t\t\t\t<div class=\"elementor-element elementor-element-6428c43d elementor-widget__width-initial elementor-widget-mobile__width-inherit elementor-widget elementor-widget-hub_fancy_heading\" data-id=\"6428c43d\" data-element_type=\"widget\" data-widget_type=\"hub_fancy_heading.default\">\n\t\t\t\t<div class=\"elementor-widget-container\">\n\t\t\t\t\t\n\t\t<div id=\"ld-fancy-heading-69e0e0c143edb\" class=\"ld-fancy-heading pos-rel\">\n\t\t\t<p class=\"ld-fh-element d-inline-block pos-rel  lqd-highlight-classic lqd-highlight-grow-left p\"  > After a successful career in the Michelin-starred restaurant of a famous palace on Place Vend\u00f4me, Ludovic chose to settle with his wife Virginie in the H\u00e9rault region where they initially worked in a renowned hotel estate near Montpellier. <br>\nTheir desire to create their own guest house materialized when they discovered this beautiful winemaker's house dating from 1874 on the outskirts of P\u00e9zenas. <br>\nAfter a few months of refreshing the house, they are ready to welcome you to share delightful moments of conviviality. <\/p>\t\t<\/div>\n\n\t\t\t\t\t\t<\/div>\n\t\t\t\t<\/div>\n\t\t\t\t\t<\/div>\n\t\t<\/div>\n\t\t\t\t\t<\/div>\n\t\t<\/section>\n\t\t\t\t<section class=\"elementor-section elementor-top-section elementor-element elementor-element-85e4874 elementor-section-content-bottom elementor-section-boxed elementor-section-height-default elementor-section-height-default\" data-id=\"85e4874\" data-element_type=\"section\">\n\t\t\t\t\t\t<div class=\"elementor-container elementor-column-gap-default\">\n\t\t\t\t\t<div class=\"elementor-column elementor-col-100 elementor-top-column elementor-element elementor-element-a7166cf\" data-id=\"a7166cf\" data-element_type=\"column\">\n\t\t\t<div class=\"elementor-widget-wrap elementor-element-populated\">\n\t\t\t\t\t\t<div class=\"elementor-element elementor-element-355aa872 elementor-widget elementor-widget-hub_fancy_heading\" data-id=\"355aa872\" data-element_type=\"widget\" data-widget_type=\"hub_fancy_heading.default\">\n\t\t\t\t<div class=\"elementor-widget-container\">\n\t\t\t\t\t\n\t\t<div id=\"ld-fancy-heading-69e0e0c14428a\" class=\"ld-fancy-heading pos-rel\">\n\t\t\t<h2 class=\"ld-fh-element d-inline-block pos-rel  elementor-heading-title lqd-highlight-classic lqd-highlight-grow-left h2\"  > Our companions<\/h2>\t\t<\/div>\n\n\t\t\t\t\t\t<\/div>\n\t\t\t\t<\/div>\n\t\t\t\t<div class=\"elementor-element elementor-element-516cd7be elementor-widget__width-inherit elementor-widget-mobile__width-inherit elementor-widget elementor-widget-hub_fancy_heading\" data-id=\"516cd7be\" data-element_type=\"widget\" data-widget_type=\"hub_fancy_heading.default\">\n\t\t\t\t<div class=\"elementor-widget-container\">\n\t\t\t\t\t\n\t\t<div id=\"ld-fancy-heading-69e0e0c1445fe\" class=\"ld-fancy-heading pos-rel\">\n\t\t\t<p class=\"ld-fh-element d-inline-block pos-rel  lqd-highlight-classic lqd-highlight-grow-left p\"  > At La Rose des Vins, you will be welcomed not only by us, but also by our three adorable cats: Fluffy, Licky and Guimauve. <br>\nThese affectionate companions add a touch of warmth and friendliness to our guest house. They love meeting our guests and strolling in the garden, bringing a smile to everyone they meet.<\/p>\t\t<\/div>\n\n\t\t\t\t\t\t<\/div>\n\t\t\t\t<\/div>\n\t\t\t\t\t<\/div>\n\t\t<\/div>\n\t\t\t\t\t<\/div>\n\t\t<\/section>\n\t\t<div class=\"elementor-element elementor-element-ab2d59e e-flex e-con-boxed e-con e-parent\" data-id=\"ab2d59e\" data-element_type=\"container\">\n\t\t\t\t\t<div class=\"e-con-inner\">\n\t\t<div class=\"elementor-element elementor-element-b117337 e-con-full e-flex e-con e-child\" data-id=\"b117337\" data-element_type=\"container\">\n\t\t\t\t<div class=\"elementor-element elementor-element-faad2f4 elementor-widget elementor-widget-ld_fancy_image\" data-id=\"faad2f4\" data-element_type=\"widget\" data-widget_type=\"ld_fancy_image.default\">\n\t\t\t\t<div class=\"elementor-widget-container\">\n\t\t\t\t\t\n\t\t<div class=\"lqd-imggrp-single d-block pos-rel\">\n\t\t\t<div class=\"lqd-imggrp-img-container d-inline-flex pos-rel align-items-center justify-content-center\">\n\t\t\t\t\t\t\t\t<figure class=\"w-100 pos-rel\">\n\t\t\t\t\t<img decoding=\"async\" width=\"675\" height=\"900\" src=\"data:image\/svg+xml;charset=utf-8,%3Csvg xmlns%3D&#039;http%3A%2F%2Fwww.w3.org%2F2000%2Fsvg&#039; viewBox%3D&#039;0 0 675 900&#039;%2F%3E\" class=\"attachment-full size-full wp-image-6114 ld-lazyload\" alt=\"fluffy-qui-sommes-nous\" itemprop=\"image\" data-src=\"https:\/\/larosedesvins.com\/wp-content\/uploads\/2024\/07\/fluffy.webp\" data-srcset=\"https:\/\/larosedesvins.com\/wp-content\/uploads\/2024\/07\/fluffy.webp 675w, https:\/\/larosedesvins.com\/wp-content\/uploads\/2024\/07\/fluffy-225x300.webp 225w, https:\/\/larosedesvins.com\/wp-content\/uploads\/2024\/07\/fluffy-450x600.webp 450w, https:\/\/larosedesvins.com\/wp-content\/uploads\/2024\/07\/fluffy-9x12.webp 9w\" data-sizes=\"(max-width: 675px) 100vw, 675px\" data-aspect=\"0.75\" \/>\t\t\t\t\t\t\t\t\t\t\t\t\t\t\t\t\t\t\t\t\t\t\t\t\t\t\t\t\t<\/figure>\n\t\t\t<\/div>\n\t\t<\/div>\n\n\t\t\t\t\t<\/div>\n\t\t\t\t<\/div>\n\t\t\t\t<div class=\"elementor-element elementor-element-f882283 elementor-widget elementor-widget-hub_fancy_heading\" data-id=\"f882283\" data-element_type=\"widget\" data-widget_type=\"hub_fancy_heading.default\">\n\t\t\t\t<div class=\"elementor-widget-container\">\n\t\t\t\t\t\n\t\t<div id=\"ld-fancy-heading-69e0e0c14ce23\" class=\"ld-fancy-heading pos-rel\">\n\t\t\t<h2 class=\"ld-fh-element d-inline-block pos-rel  elementor-heading-title lqd-highlight-classic lqd-highlight-grow-left h2\"  > Fluffy<\/h2>\t\t<\/div>\n\n\t\t\t\t\t\t<\/div>\n\t\t\t\t<\/div>\n\t\t\t\t<\/div>\n\t\t<div class=\"elementor-element elementor-element-b569e38 e-con-full e-flex e-con e-child\" data-id=\"b569e38\" data-element_type=\"container\">\n\t\t\t\t<div class=\"elementor-element elementor-element-de9d158 elementor-widget elementor-widget-ld_fancy_image\" data-id=\"de9d158\" data-element_type=\"widget\" data-widget_type=\"ld_fancy_image.default\">\n\t\t\t\t<div class=\"elementor-widget-container\">\n\t\t\t\t\t\n\t\t<div class=\"lqd-imggrp-single d-block pos-rel\">\n\t\t\t<div class=\"lqd-imggrp-img-container d-inline-flex pos-rel align-items-center justify-content-center\">\n\t\t\t\t\t\t\t\t<figure class=\"w-100 pos-rel\">\n\t\t\t\t\t<img decoding=\"async\" width=\"3024\" height=\"4032\" src=\"data:image\/svg+xml;charset=utf-8,%3Csvg xmlns%3D&#039;http%3A%2F%2Fwww.w3.org%2F2000%2Fsvg&#039; viewBox%3D&#039;0 0 1440 1920&#039;%2F%3E\" class=\"attachment-full size-full wp-image-6335 ld-lazyload\" alt=\"Guimauve-qui-sommes-nous\" itemprop=\"image\" data-src=\"https:\/\/larosedesvins.com\/wp-content\/uploads\/2024\/08\/Guimauve.webp\" data-aspect=\"0.75\" \/>\t\t\t\t\t\t\t\t\t\t\t\t\t\t\t\t\t\t\t\t\t\t\t\t\t\t\t\t\t<\/figure>\n\t\t\t<\/div>\n\t\t<\/div>\n\n\t\t\t\t\t<\/div>\n\t\t\t\t<\/div>\n\t\t\t\t<div class=\"elementor-element elementor-element-07841ed elementor-widget elementor-widget-hub_fancy_heading\" data-id=\"07841ed\" data-element_type=\"widget\" data-widget_type=\"hub_fancy_heading.default\">\n\t\t\t\t<div class=\"elementor-widget-container\">\n\t\t\t\t\t\n\t\t<div id=\"ld-fancy-heading-69e0e0c154f21\" class=\"ld-fancy-heading pos-rel\">\n\t\t\t<h2 class=\"ld-fh-element d-inline-block pos-rel  elementor-heading-title lqd-highlight-classic lqd-highlight-grow-left h2\"  > Guimauve<\/h2>\t\t<\/div>\n\n\t\t\t\t\t\t<\/div>\n\t\t\t\t<\/div>\n\t\t\t\t<\/div>\n\t\t<div class=\"elementor-element elementor-element-058364c e-con-full e-flex e-con e-child\" data-id=\"058364c\" data-element_type=\"container\">\n\t\t\t\t<div class=\"elementor-element elementor-element-9b34b0a elementor-widget elementor-widget-ld_fancy_image\" data-id=\"9b34b0a\" data-element_type=\"widget\" data-widget_type=\"ld_fancy_image.default\">\n\t\t\t\t<div class=\"elementor-widget-container\">\n\t\t\t\t\t\n\t\t<div class=\"lqd-imggrp-single d-block pos-rel\">\n\t\t\t<div class=\"lqd-imggrp-img-container d-inline-flex pos-rel align-items-center justify-content-center\">\n\t\t\t\t\t\t\t\t<figure class=\"w-100 pos-rel\">\n\t\t\t\t\t<img loading=\"lazy\" decoding=\"async\" width=\"506\" height=\"900\" src=\"data:image\/svg+xml;charset=utf-8,%3Csvg xmlns%3D&#039;http%3A%2F%2Fwww.w3.org%2F2000%2Fsvg&#039; viewBox%3D&#039;0 0 506 900&#039;%2F%3E\" class=\"attachment-full size-full wp-image-6115 ld-lazyload\" alt=\"Likcy-qui-sommes-nous\" itemprop=\"image\" data-src=\"https:\/\/larosedesvins.com\/wp-content\/uploads\/2024\/07\/Likcy.webp\" data-srcset=\"https:\/\/larosedesvins.com\/wp-content\/uploads\/2024\/07\/Likcy.webp 506w, https:\/\/larosedesvins.com\/wp-content\/uploads\/2024\/07\/Likcy-169x300.webp 169w, https:\/\/larosedesvins.com\/wp-content\/uploads\/2024\/07\/Likcy-337x600.webp 337w, https:\/\/larosedesvins.com\/wp-content\/uploads\/2024\/07\/Likcy-7x12.webp 7w\" data-sizes=\"(max-width: 506px) 100vw, 506px\" data-aspect=\"0.56222222222222\" \/>\t\t\t\t\t\t\t\t\t\t\t\t\t\t\t\t\t\t\t\t\t\t\t\t\t\t\t\t\t<\/figure>\n\t\t\t<\/div>\n\t\t<\/div>\n\n\t\t\t\t\t<\/div>\n\t\t\t\t<\/div>\n\t\t\t\t<div class=\"elementor-element elementor-element-c42764b elementor-widget elementor-widget-hub_fancy_heading\" data-id=\"c42764b\" data-element_type=\"widget\" data-widget_type=\"hub_fancy_heading.default\">\n\t\t\t\t<div class=\"elementor-widget-container\">\n\t\t\t\t\t\n\t\t<div id=\"ld-fancy-heading-69e0e0c15b9fb\" class=\"ld-fancy-heading pos-rel\">\n\t\t\t<h2 class=\"ld-fh-element d-inline-block pos-rel  elementor-heading-title lqd-highlight-classic lqd-highlight-grow-left h2\"  > Licky<\/h2>\t\t<\/div>\n\n\t\t\t\t\t\t<\/div>\n\t\t\t\t<\/div>\n\t\t\t\t<\/div>\n\t\t\t\t\t<\/div>\n\t\t\t\t<\/div>\n\t\t\t\t<\/div>","protected":false},"excerpt":{"rendered":"<p>Qui sommes-nous ? Ludovic &amp; Virginie Les h\u00f4tes Apr\u00e8s une belle carri\u00e8re dans le restaurant \u00e9toil\u00e9 d\u2019un c\u00e9l\u00e8bre palace de la Place Vend\u00f4me, Ludovic a choisi de s\u2019installer avec son \u00e9pouse Virginie dans l\u2019H\u00e9rault o\u00f9 ils ont tout d\u2019abord exerc\u00e9 dans un fameux Domaine h\u00f4telier pr\u00e8s de Montpellier. Leur envie de cr\u00e9er leur propre Maison [&hellip;]<\/p>","protected":false},"author":1,"featured_media":0,"parent":0,"menu_order":0,"comment_status":"closed","ping_status":"closed","template":"","meta":{"two_page_speed":{"current_score":{"desktop_score":99,"desktop_tti":"0.5\u00a0","mobile_score":97,"mobile_tti":"2.6\u00a0","date":"16.08.2025 06:07:26 pm","status":"completed"}},"footnotes":""},"class_list":["post-6091","page","type-page","status-publish","hentry"],"yoast_head":"<!-- This site is optimized with the Yoast SEO plugin v25.7 - https:\/\/yoast.com\/wordpress\/plugins\/seo\/ -->\n<title>Qui sommes-nous - La Rose des Vins<\/title>\n<meta name=\"description\" content=\"D\u00e9couvrez l&#039;histoire et le charme de La Rose des Vins situ\u00e9e \u00e0 Pouzolles. Chambres d&#039;h\u00f4tes authentique entour\u00e9e de vignobles dans l&#039;H\u00e9rault.\" \/>\n<meta name=\"robots\" content=\"index, follow, max-snippet:-1, max-image-preview:large, max-video-preview:-1\" \/>\n<link rel=\"canonical\" href=\"https:\/\/larosedesvins.com\/en\/qui-sommes-nous\/\" \/>\n<meta property=\"og:locale\" content=\"en_GB\" \/>\n<meta property=\"og:type\" content=\"article\" \/>\n<meta property=\"og:title\" content=\"Qui sommes-nous - La Rose des Vins\" \/>\n<meta property=\"og:description\" content=\"D\u00e9couvrez l&#039;histoire et le charme de La Rose des Vins situ\u00e9e \u00e0 Pouzolles. Chambres d&#039;h\u00f4tes authentique entour\u00e9e de vignobles dans l&#039;H\u00e9rault.\" \/>\n<meta property=\"og:url\" content=\"https:\/\/larosedesvins.com\/en\/qui-sommes-nous\/\" \/>\n<meta property=\"og:site_name\" content=\"La Rose des Vins\" \/>\n<meta property=\"article:modified_time\" content=\"2025-08-16T16:07:00+00:00\" \/>\n<meta property=\"og:image\" content=\"https:\/\/larosedesvins.com\/wp-content\/uploads\/2024\/08\/virginie-ludovic.webp\" \/>\n\t<meta property=\"og:image:width\" content=\"1081\" \/>\n\t<meta property=\"og:image:height\" content=\"886\" \/>\n\t<meta property=\"og:image:type\" content=\"image\/webp\" \/>\n<meta name=\"twitter:card\" content=\"summary_large_image\" \/>\n<meta name=\"twitter:label1\" content=\"Estimated reading time\" \/>\n\t<meta name=\"twitter:data1\" content=\"2 minutes\" \/>\n<script type=\"application\/ld+json\" class=\"yoast-schema-graph\">{\"@context\":\"https:\/\/schema.org\",\"@graph\":[{\"@type\":\"WebPage\",\"@id\":\"https:\/\/larosedesvins.com\/qui-sommes-nous\/\",\"url\":\"https:\/\/larosedesvins.com\/qui-sommes-nous\/\",\"name\":\"Qui sommes-nous - La Rose des Vins\",\"isPartOf\":{\"@id\":\"https:\/\/larosedesvins.com\/#website\"},\"primaryImageOfPage\":{\"@id\":\"https:\/\/larosedesvins.com\/qui-sommes-nous\/#primaryimage\"},\"image\":{\"@id\":\"https:\/\/larosedesvins.com\/qui-sommes-nous\/#primaryimage\"},\"thumbnailUrl\":\"https:\/\/larosedesvins.com\/wp-content\/uploads\/2024\/08\/virginie-ludovic-1024x839.webp\",\"datePublished\":\"2024-07-26T09:59:42+00:00\",\"dateModified\":\"2025-08-16T16:07:00+00:00\",\"description\":\"D\u00e9couvrez l'histoire et le charme de La Rose des Vins situ\u00e9e \u00e0 Pouzolles. Chambres d'h\u00f4tes authentique entour\u00e9e de vignobles dans l'H\u00e9rault.\",\"breadcrumb\":{\"@id\":\"https:\/\/larosedesvins.com\/qui-sommes-nous\/#breadcrumb\"},\"inLanguage\":\"en-GB\",\"potentialAction\":[{\"@type\":\"ReadAction\",\"target\":[\"https:\/\/larosedesvins.com\/qui-sommes-nous\/\"]}]},{\"@type\":\"ImageObject\",\"inLanguage\":\"en-GB\",\"@id\":\"https:\/\/larosedesvins.com\/qui-sommes-nous\/#primaryimage\",\"url\":\"https:\/\/larosedesvins.com\/wp-content\/uploads\/2024\/08\/virginie-ludovic-1024x839.webp\",\"contentUrl\":\"https:\/\/larosedesvins.com\/wp-content\/uploads\/2024\/08\/virginie-ludovic-1024x839.webp\"},{\"@type\":\"BreadcrumbList\",\"@id\":\"https:\/\/larosedesvins.com\/qui-sommes-nous\/#breadcrumb\",\"itemListElement\":[{\"@type\":\"ListItem\",\"position\":1,\"name\":\"Accueil\",\"item\":\"https:\/\/larosedesvins.com\/\"},{\"@type\":\"ListItem\",\"position\":2,\"name\":\"Qui sommes-nous\"}]},{\"@type\":\"WebSite\",\"@id\":\"https:\/\/larosedesvins.com\/#website\",\"url\":\"https:\/\/larosedesvins.com\/\",\"name\":\"La Rose des Vins\",\"description\":\"Chambres d&#039;h\u00f4tes\",\"publisher\":{\"@id\":\"https:\/\/larosedesvins.com\/#organization\"},\"alternateName\":\"La Rose des Vins\",\"potentialAction\":[{\"@type\":\"SearchAction\",\"target\":{\"@type\":\"EntryPoint\",\"urlTemplate\":\"https:\/\/larosedesvins.com\/?s={search_term_string}\"},\"query-input\":{\"@type\":\"PropertyValueSpecification\",\"valueRequired\":true,\"valueName\":\"search_term_string\"}}],\"inLanguage\":\"en-GB\"},{\"@type\":\"Organization\",\"@id\":\"https:\/\/larosedesvins.com\/#organization\",\"name\":\"La Rose des Vins\",\"url\":\"https:\/\/larosedesvins.com\/\",\"logo\":{\"@type\":\"ImageObject\",\"inLanguage\":\"en-GB\",\"@id\":\"https:\/\/larosedesvins.com\/#\/schema\/logo\/image\/\",\"url\":\"https:\/\/larosedesvins.com\/wp-content\/uploads\/2023\/08\/logo-marron.svg\",\"contentUrl\":\"https:\/\/larosedesvins.com\/wp-content\/uploads\/2023\/08\/logo-marron.svg\",\"width\":84,\"height\":107,\"caption\":\"La Rose des Vins\"},\"image\":{\"@id\":\"https:\/\/larosedesvins.com\/#\/schema\/logo\/image\/\"},\"sameAs\":[\"https:\/\/www.instagram.com\/larosedesvins\/\"]}]}<\/script>\n<!-- \/ Yoast SEO plugin. -->","yoast_head_json":{"title":"Qui sommes-nous - La Rose des Vins","description":"D\u00e9couvrez l'histoire et le charme de La Rose des Vins situ\u00e9e \u00e0 Pouzolles. Chambres d'h\u00f4tes authentique entour\u00e9e de vignobles dans l'H\u00e9rault.","robots":{"index":"index","follow":"follow","max-snippet":"max-snippet:-1","max-image-preview":"max-image-preview:large","max-video-preview":"max-video-preview:-1"},"canonical":"https:\/\/larosedesvins.com\/en\/qui-sommes-nous\/","og_locale":"en_GB","og_type":"article","og_title":"Qui sommes-nous - La Rose des Vins","og_description":"D\u00e9couvrez l'histoire et le charme de La Rose des Vins situ\u00e9e \u00e0 Pouzolles. Chambres d'h\u00f4tes authentique entour\u00e9e de vignobles dans l'H\u00e9rault.","og_url":"https:\/\/larosedesvins.com\/en\/qui-sommes-nous\/","og_site_name":"La Rose des Vins","article_modified_time":"2025-08-16T16:07:00+00:00","og_image":[{"width":1081,"height":886,"url":"https:\/\/larosedesvins.com\/wp-content\/uploads\/2024\/08\/virginie-ludovic.webp","type":"image\/webp"}],"twitter_card":"summary_large_image","twitter_misc":{"Estimated reading time":"2 minutes"},"schema":{"@context":"https:\/\/schema.org","@graph":[{"@type":"WebPage","@id":"https:\/\/larosedesvins.com\/qui-sommes-nous\/","url":"https:\/\/larosedesvins.com\/qui-sommes-nous\/","name":"Qui sommes-nous - La Rose des Vins","isPartOf":{"@id":"https:\/\/larosedesvins.com\/#website"},"primaryImageOfPage":{"@id":"https:\/\/larosedesvins.com\/qui-sommes-nous\/#primaryimage"},"image":{"@id":"https:\/\/larosedesvins.com\/qui-sommes-nous\/#primaryimage"},"thumbnailUrl":"https:\/\/larosedesvins.com\/wp-content\/uploads\/2024\/08\/virginie-ludovic-1024x839.webp","datePublished":"2024-07-26T09:59:42+00:00","dateModified":"2025-08-16T16:07:00+00:00","description":"D\u00e9couvrez l'histoire et le charme de La Rose des Vins situ\u00e9e \u00e0 Pouzolles. Chambres d'h\u00f4tes authentique entour\u00e9e de vignobles dans l'H\u00e9rault.","breadcrumb":{"@id":"https:\/\/larosedesvins.com\/qui-sommes-nous\/#breadcrumb"},"inLanguage":"en-GB","potentialAction":[{"@type":"ReadAction","target":["https:\/\/larosedesvins.com\/qui-sommes-nous\/"]}]},{"@type":"ImageObject","inLanguage":"en-GB","@id":"https:\/\/larosedesvins.com\/qui-sommes-nous\/#primaryimage","url":"https:\/\/larosedesvins.com\/wp-content\/uploads\/2024\/08\/virginie-ludovic-1024x839.webp","contentUrl":"https:\/\/larosedesvins.com\/wp-content\/uploads\/2024\/08\/virginie-ludovic-1024x839.webp"},{"@type":"BreadcrumbList","@id":"https:\/\/larosedesvins.com\/qui-sommes-nous\/#breadcrumb","itemListElement":[{"@type":"ListItem","position":1,"name":"Accueil","item":"https:\/\/larosedesvins.com\/"},{"@type":"ListItem","position":2,"name":"Qui sommes-nous"}]},{"@type":"WebSite","@id":"https:\/\/larosedesvins.com\/#website","url":"https:\/\/larosedesvins.com\/","name":"La Rose des Vins","description":"Chambres d&#039;h\u00f4tes","publisher":{"@id":"https:\/\/larosedesvins.com\/#organization"},"alternateName":"La Rose des Vins","potentialAction":[{"@type":"SearchAction","target":{"@type":"EntryPoint","urlTemplate":"https:\/\/larosedesvins.com\/?s={search_term_string}"},"query-input":{"@type":"PropertyValueSpecification","valueRequired":true,"valueName":"search_term_string"}}],"inLanguage":"en-GB"},{"@type":"Organization","@id":"https:\/\/larosedesvins.com\/#organization","name":"La Rose des Vins","url":"https:\/\/larosedesvins.com\/","logo":{"@type":"ImageObject","inLanguage":"en-GB","@id":"https:\/\/larosedesvins.com\/#\/schema\/logo\/image\/","url":"https:\/\/larosedesvins.com\/wp-content\/uploads\/2023\/08\/logo-marron.svg","contentUrl":"https:\/\/larosedesvins.com\/wp-content\/uploads\/2023\/08\/logo-marron.svg","width":84,"height":107,"caption":"La Rose des Vins"},"image":{"@id":"https:\/\/larosedesvins.com\/#\/schema\/logo\/image\/"},"sameAs":["https:\/\/www.instagram.com\/larosedesvins\/"]}]}},"_links":{"self":[{"href":"https:\/\/larosedesvins.com\/en\/wp-json\/wp\/v2\/pages\/6091","targetHints":{"allow":["GET"]}}],"collection":[{"href":"https:\/\/larosedesvins.com\/en\/wp-json\/wp\/v2\/pages"}],"about":[{"href":"https:\/\/larosedesvins.com\/en\/wp-json\/wp\/v2\/types\/page"}],"author":[{"embeddable":true,"href":"https:\/\/larosedesvins.com\/en\/wp-json\/wp\/v2\/users\/1"}],"replies":[{"embeddable":true,"href":"https:\/\/larosedesvins.com\/en\/wp-json\/wp\/v2\/comments?post=6091"}],"version-history":[{"count":46,"href":"https:\/\/larosedesvins.com\/en\/wp-json\/wp\/v2\/pages\/6091\/revisions"}],"predecessor-version":[{"id":6451,"href":"https:\/\/larosedesvins.com\/en\/wp-json\/wp\/v2\/pages\/6091\/revisions\/6451"}],"wp:attachment":[{"href":"https:\/\/larosedesvins.com\/en\/wp-json\/wp\/v2\/media?parent=6091"}],"curies":[{"name":"wp","href":"https:\/\/api.w.org\/{rel}","templated":true}]}}